{"id":916,"date":"2024-07-08T14:24:45","date_gmt":"2024-07-08T14:24:45","guid":{"rendered":"https:\/\/gruprr.com\/?page_id=916"},"modified":"2024-07-08T14:31:26","modified_gmt":"2024-07-08T14:31:26","slug":"altres","status":"publish","type":"page","link":"https:\/\/gruprr.com\/index.php\/ca\/serveis\/altres\/","title":{"rendered":"Altres Treballs"},"content":{"rendered":"\t\t<div data-elementor-type=\"wp-page\" data-elementor-id=\"916\" class=\"elementor elementor-916\" data-elementor-post-type=\"page\">\n\t\t\t\t<div class=\"elementor-element elementor-element-7461f66f e-con-full e-flex e-con e-parent\" data-id=\"7461f66f\" data-element_type=\"container\" data-settings=\"{&quot;background_background&quot;:&quot;classic&quot;}\">\n\t\t\t\t<\/div>\n\t\t<div class=\"elementor-element elementor-element-254b8e66 e-flex e-con-boxed e-con e-parent\" data-id=\"254b8e66\" data-element_type=\"container\">\n\t\t\t\t\t<div class=\"e-con-inner\">\n\t\t\t\t<div class=\"elementor-element elementor-element-1c7599cd elementor-widget elementor-widget-heading\" data-id=\"1c7599cd\" data-element_type=\"widget\" data-widget_type=\"heading.default\">\n\t\t\t\t<div class=\"elementor-widget-container\">\n\t\t\t<style>\/*! elementor - v3.21.0 - 08-05-2024 *\/\n.elementor-heading-title{padding:0;margin:0;line-height:1}.elementor-widget-heading .elementor-heading-title[class*=elementor-size-]>a{color:inherit;font-size:inherit;line-height:inherit}.elementor-widget-heading .elementor-heading-title.elementor-size-small{font-size:15px}.elementor-widget-heading .elementor-heading-title.elementor-size-medium{font-size:19px}.elementor-widget-heading .elementor-heading-title.elementor-size-large{font-size:29px}.elementor-widget-heading .elementor-heading-title.elementor-size-xl{font-size:39px}.elementor-widget-heading .elementor-heading-title.elementor-size-xxl{font-size:59px}<\/style><h2 class=\"elementor-heading-title elementor-size-default\">Altres treballs<\/h2>\t\t<\/div>\n\t\t\t\t<\/div>\n\t\t\t\t\t<\/div>\n\t\t\t\t<\/div>\n\t\t<div class=\"elementor-element elementor-element-3f8c09f0 e-flex e-con-boxed e-con e-parent\" data-id=\"3f8c09f0\" data-element_type=\"container\">\n\t\t\t\t\t<div class=\"e-con-inner\">\n\t\t<div class=\"elementor-element elementor-element-6bc1a18b e-con-full e-flex e-con e-child\" data-id=\"6bc1a18b\" data-element_type=\"container\" data-settings=\"{&quot;background_background&quot;:&quot;classic&quot;}\">\n\t\t\t\t<div class=\"elementor-element elementor-element-4c317b95 elementor-widget elementor-widget-text-editor\" data-id=\"4c317b95\" data-element_type=\"widget\" data-widget_type=\"text-editor.default\">\n\t\t\t\t<div class=\"elementor-widget-container\">\n\t\t\t<style>\/*! elementor - v3.21.0 - 08-05-2024 *\/\n.elementor-widget-text-editor.elementor-drop-cap-view-stacked .elementor-drop-cap{background-color:#69727d;color:#fff}.elementor-widget-text-editor.elementor-drop-cap-view-framed .elementor-drop-cap{color:#69727d;border:3px solid;background-color:transparent}.elementor-widget-text-editor:not(.elementor-drop-cap-view-default) .elementor-drop-cap{margin-top:8px}.elementor-widget-text-editor:not(.elementor-drop-cap-view-default) .elementor-drop-cap-letter{width:1em;height:1em}.elementor-widget-text-editor .elementor-drop-cap{float:left;text-align:center;line-height:1;font-size:50px}.elementor-widget-text-editor .elementor-drop-cap-letter{display:inline-block}<\/style>\t\t\t\t<p>Des de la construcci\u00f3 de fonaments fins a la instal\u00b7laci\u00f3 de sostres i tota l&#8217;estructura interm\u00e8dia, els treballs de paleta abasten una \u00e0mplia gamma de tasques. Des d&#8217;aixecar parets i col\u00b7locar maons fins a realitzar acabats i reparacions, els paletes s\u00f3n experts en transformar idees en realitat, i la seva tasca \u00e9s fonamental en la construcci\u00f3 d&#8217;edificacions i obres de rellev\u00e0ncia, tant a nivell privat com p\u00fablic.<\/p>\t\t\t\t\t\t<\/div>\n\t\t\t\t<\/div>\n\t\t\t\t<\/div>\n\t\t<div class=\"elementor-element elementor-element-4ab5fecc e-con-full e-flex e-con e-child\" data-id=\"4ab5fecc\" data-element_type=\"container\">\n\t\t\t\t<div class=\"elementor-element elementor-element-103adad7 elementor-widget elementor-widget-text-editor\" data-id=\"103adad7\" data-element_type=\"widget\" data-widget_type=\"text-editor.default\">\n\t\t\t\t<div class=\"elementor-widget-container\">\n\t\t\t\t\t\t\t<p>Els nostres experts estaran encantats d&#8217;ajudar-vos i aconsellar-vos. Tamb\u00e9 oferim pressupostos gratu\u00efts per a la restauraci\u00f3 de casa seva.<\/p><p>Per restaurar el vostre habitatge a Roses, no dubteu a contactar-nos.<\/p>\t\t\t\t\t\t<\/div>\n\t\t\t\t<\/div>\n\t\t\t\t<\/div>\n\t\t\t\t\t<\/div>\n\t\t\t\t<\/div>\n\t\t<div class=\"elementor-element elementor-element-3576a2dc e-flex e-con-boxed e-con e-parent\" data-id=\"3576a2dc\" data-element_type=\"container\">\n\t\t\t\t\t<div class=\"e-con-inner\">\n\t\t<a class=\"elementor-element elementor-element-3dbf21aa e-con-full e-flex e-con e-child\" data-id=\"3dbf21aa\" data-element_type=\"container\" data-settings=\"{&quot;background_background&quot;:&quot;classic&quot;}\" href=\"https:\/\/gruprr.com\/index.php\/servicios\/otros\/construccion-de-rampa-de-piedra-natural-palau\/\">\n\t\t<div class=\"elementor-element elementor-element-13737477 e-flex e-con-boxed e-con e-child\" data-id=\"13737477\" data-element_type=\"container\">\n\t\t\t\t\t<div class=\"e-con-inner\">\n\t\t\t\t<div class=\"elementor-element elementor-element-1130f777 elementor-widget__width-initial elementor-widget elementor-widget-heading\" data-id=\"1130f777\" data-element_type=\"widget\" data-widget_type=\"heading.default\">\n\t\t\t\t<div class=\"elementor-widget-container\">\n\t\t\t<h2 class=\"elementor-heading-title elementor-size-default\">Construccio de rampa de pedra natural<\/h2>\t\t<\/div>\n\t\t\t\t<\/div>\n\t\t\t\t\t<\/div>\n\t\t\t\t<\/div>\n\t\t\t\t<\/a>\n\t\t<a class=\"elementor-element elementor-element-4dfd27ef e-con-full e-flex e-con e-child\" data-id=\"4dfd27ef\" data-element_type=\"container\" data-settings=\"{&quot;background_background&quot;:&quot;classic&quot;}\" href=\"https:\/\/gruprr.com\/index.php\/servicios\/otros\/construccion-de-valla-exterior-palau\/\">\n\t\t<div class=\"elementor-element elementor-element-53331e5b e-flex e-con-boxed e-con e-child\" data-id=\"53331e5b\" data-element_type=\"container\">\n\t\t\t\t\t<div class=\"e-con-inner\">\n\t\t\t\t<div class=\"elementor-element elementor-element-130c4d67 elementor-widget__width-initial elementor-widget elementor-widget-heading\" data-id=\"130c4d67\" data-element_type=\"widget\" data-widget_type=\"heading.default\">\n\t\t\t\t<div class=\"elementor-widget-container\">\n\t\t\t<h2 class=\"elementor-heading-title elementor-size-default\">Construccio de valla exterior\n<\/h2>\t\t<\/div>\n\t\t\t\t<\/div>\n\t\t\t\t\t<\/div>\n\t\t\t\t<\/div>\n\t\t\t\t<\/a>\n\t\t<a class=\"elementor-element elementor-element-74f8e4e4 e-con-full e-flex e-con e-child\" data-id=\"74f8e4e4\" data-element_type=\"container\" data-settings=\"{&quot;background_background&quot;:&quot;classic&quot;}\" href=\"https:\/\/gruprr.com\/index.php\/servicios\/otros\/revestimiento-escaleras-exterior-porcelanico-mas-fumats\/\">\n\t\t<div class=\"elementor-element elementor-element-13183a10 e-flex e-con-boxed e-con e-child\" data-id=\"13183a10\" data-element_type=\"container\">\n\t\t\t\t\t<div class=\"e-con-inner\">\n\t\t\t\t<div class=\"elementor-element elementor-element-4a371586 elementor-widget__width-initial elementor-widget elementor-widget-heading\" data-id=\"4a371586\" data-element_type=\"widget\" data-widget_type=\"heading.default\">\n\t\t\t\t<div class=\"elementor-widget-container\">\n\t\t\t<h2 class=\"elementor-heading-title elementor-size-default\">Revestiment d' escales exterior porcelanic<\/h2>\t\t<\/div>\n\t\t\t\t<\/div>\n\t\t\t\t\t<\/div>\n\t\t\t\t<\/div>\n\t\t\t\t<\/a>\n\t\t\t\t\t<\/div>\n\t\t\t\t<\/div>\n\t\t<div class=\"elementor-element elementor-element-5aea8083 e-flex e-con-boxed e-con e-parent\" data-id=\"5aea8083\" data-element_type=\"container\">\n\t\t\t\t\t<div class=\"e-con-inner\">\n\t\t\t\t<div class=\"elementor-element elementor-element-435d7126 elementor-widget elementor-widget-spacer\" data-id=\"435d7126\" data-element_type=\"widget\" data-widget_type=\"spacer.default\">\n\t\t\t\t<div class=\"elementor-widget-container\">\n\t\t\t<style>\/*! elementor - v3.21.0 - 08-05-2024 *\/\n.elementor-column .elementor-spacer-inner{height:var(--spacer-size)}.e-con{--container-widget-width:100%}.e-con-inner>.elementor-widget-spacer,.e-con>.elementor-widget-spacer{width:var(--container-widget-width,var(--spacer-size));--align-self:var(--container-widget-align-self,initial);--flex-shrink:0}.e-con-inner>.elementor-widget-spacer>.elementor-widget-container,.e-con>.elementor-widget-spacer>.elementor-widget-container{height:100%;width:100%}.e-con-inner>.elementor-widget-spacer>.elementor-widget-container>.elementor-spacer,.e-con>.elementor-widget-spacer>.elementor-widget-container>.elementor-spacer{height:100%}.e-con-inner>.elementor-widget-spacer>.elementor-widget-container>.elementor-spacer>.elementor-spacer-inner,.e-con>.elementor-widget-spacer>.elementor-widget-container>.elementor-spacer>.elementor-spacer-inner{height:var(--container-widget-height,var(--spacer-size))}.e-con-inner>.elementor-widget-spacer.elementor-widget-empty,.e-con>.elementor-widget-spacer.elementor-widget-empty{position:relative;min-height:22px;min-width:22px}.e-con-inner>.elementor-widget-spacer.elementor-widget-empty .elementor-widget-empty-icon,.e-con>.elementor-widget-spacer.elementor-widget-empty .elementor-widget-empty-icon{position:absolute;top:0;bottom:0;left:0;right:0;margin:auto;padding:0;width:22px;height:22px}<\/style>\t\t<div class=\"elementor-spacer\">\n\t\t\t<div class=\"elementor-spacer-inner\"><\/div>\n\t\t<\/div>\n\t\t\t\t<\/div>\n\t\t\t\t<\/div>\n\t\t\t\t\t<\/div>\n\t\t\t\t<\/div>\n\t\t\t\t<\/div>\n\t\t","protected":false},"excerpt":{"rendered":"<p>Altres treballs Des de la construcci\u00f3 de fonaments fins a la instal\u00b7laci\u00f3 de sostres i tota l&#8217;estructura interm\u00e8dia, els treballs de paleta abasten una \u00e0mplia gamma de tasques. Des d&#8217;aixecar parets i col\u00b7locar maons fins a realitzar acabats i reparacions, els paletes s\u00f3n experts en transformar idees en realitat, i la seva tasca \u00e9s fonamental [&hellip;]<\/p>\n","protected":false},"author":1,"featured_media":0,"parent":588,"menu_order":6,"comment_status":"closed","ping_status":"closed","template":"elementor_header_footer","meta":{"_joinchat":[],"footnotes":""},"class_list":["post-916","page","type-page","status-publish","hentry"],"yoast_head":"<!-- This site is optimized with the Yoast SEO plugin v22.6 - https:\/\/yoast.com\/wordpress\/plugins\/seo\/ -->\n<title>Altres Treballs - Grup RR empresa de construcci\u00f3n y reformas<\/title>\n<meta name=\"robots\" content=\"index, follow, max-snippet:-1, max-image-preview:large, max-video-preview:-1\" \/>\n<link rel=\"canonical\" href=\"https:\/\/gruprr.com\/index.php\/ca\/serveis\/altres\/\" \/>\n<meta property=\"og:locale\" content=\"es_ES\" \/>\n<meta property=\"og:type\" content=\"article\" \/>\n<meta property=\"og:title\" content=\"Altres Treballs - Grup RR empresa de construcci\u00f3n y reformas\" \/>\n<meta property=\"og:description\" content=\"Altres treballs Des de la construcci\u00f3 de fonaments fins a la instal\u00b7laci\u00f3 de sostres i tota l&#8217;estructura interm\u00e8dia, els treballs de paleta abasten una \u00e0mplia gamma de tasques. Des d&#8217;aixecar parets i col\u00b7locar maons fins a realitzar acabats i reparacions, els paletes s\u00f3n experts en transformar idees en realitat, i la seva tasca \u00e9s fonamental [&hellip;]\" \/>\n<meta property=\"og:url\" content=\"https:\/\/gruprr.com\/index.php\/ca\/serveis\/altres\/\" \/>\n<meta property=\"og:site_name\" content=\"Grup RR empresa de construcci\u00f3n y reformas\" \/>\n<meta property=\"article:modified_time\" content=\"2024-07-08T14:31:26+00:00\" \/>\n<meta name=\"twitter:card\" content=\"summary_large_image\" \/>\n<meta name=\"twitter:label1\" content=\"Tiempo de lectura\" \/>\n\t<meta name=\"twitter:data1\" content=\"1 minuto\" \/>\n<script type=\"application\/ld+json\" class=\"yoast-schema-graph\">{\"@context\":\"https:\/\/schema.org\",\"@graph\":[{\"@type\":\"WebPage\",\"@id\":\"https:\/\/gruprr.com\/index.php\/ca\/serveis\/altres\/\",\"url\":\"https:\/\/gruprr.com\/index.php\/ca\/serveis\/altres\/\",\"name\":\"Altres Treballs - Grup RR empresa de construcci\u00f3n y reformas\",\"isPartOf\":{\"@id\":\"https:\/\/gruprr.com\/#website\"},\"datePublished\":\"2024-07-08T14:24:45+00:00\",\"dateModified\":\"2024-07-08T14:31:26+00:00\",\"breadcrumb\":{\"@id\":\"https:\/\/gruprr.com\/index.php\/ca\/serveis\/altres\/#breadcrumb\"},\"inLanguage\":\"es\",\"potentialAction\":[{\"@type\":\"ReadAction\",\"target\":[\"https:\/\/gruprr.com\/index.php\/ca\/serveis\/altres\/\"]}]},{\"@type\":\"BreadcrumbList\",\"@id\":\"https:\/\/gruprr.com\/index.php\/ca\/serveis\/altres\/#breadcrumb\",\"itemListElement\":[{\"@type\":\"ListItem\",\"position\":1,\"name\":\"Portada\",\"item\":\"https:\/\/gruprr.com\/\"},{\"@type\":\"ListItem\",\"position\":2,\"name\":\"Serveis\",\"item\":\"https:\/\/gruprr.com\/index.php\/ca\/serveis\/\"},{\"@type\":\"ListItem\",\"position\":3,\"name\":\"Altres Treballs\"}]},{\"@type\":\"WebSite\",\"@id\":\"https:\/\/gruprr.com\/#website\",\"url\":\"https:\/\/gruprr.com\/\",\"name\":\"Grup RR empresa de construcci\u00f3n y reformas\",\"description\":\"\u00bfEst\u00e1s buscando una empresa de construcci\u00f3n y reformas? GRUP RR somo especialistas en todo tipo de proyectos de construcci\u00f3n de obra nueva como reformas, desde reformas integrales hasta reformas parciales, tanto para viviendas particulares como para locales comerciales.\",\"potentialAction\":[{\"@type\":\"SearchAction\",\"target\":{\"@type\":\"EntryPoint\",\"urlTemplate\":\"https:\/\/gruprr.com\/?s={search_term_string}\"},\"query-input\":\"required name=search_term_string\"}],\"inLanguage\":\"es\"}]}<\/script>\n<!-- \/ Yoast SEO plugin. -->","yoast_head_json":{"title":"Altres Treballs - Grup RR empresa de construcci\u00f3n y reformas","robots":{"index":"index","follow":"follow","max-snippet":"max-snippet:-1","max-image-preview":"max-image-preview:large","max-video-preview":"max-video-preview:-1"},"canonical":"https:\/\/gruprr.com\/index.php\/ca\/serveis\/altres\/","og_locale":"es_ES","og_type":"article","og_title":"Altres Treballs - Grup RR empresa de construcci\u00f3n y reformas","og_description":"Altres treballs Des de la construcci\u00f3 de fonaments fins a la instal\u00b7laci\u00f3 de sostres i tota l&#8217;estructura interm\u00e8dia, els treballs de paleta abasten una \u00e0mplia gamma de tasques. Des d&#8217;aixecar parets i col\u00b7locar maons fins a realitzar acabats i reparacions, els paletes s\u00f3n experts en transformar idees en realitat, i la seva tasca \u00e9s fonamental [&hellip;]","og_url":"https:\/\/gruprr.com\/index.php\/ca\/serveis\/altres\/","og_site_name":"Grup RR empresa de construcci\u00f3n y reformas","article_modified_time":"2024-07-08T14:31:26+00:00","twitter_card":"summary_large_image","twitter_misc":{"Tiempo de lectura":"1 minuto"},"schema":{"@context":"https:\/\/schema.org","@graph":[{"@type":"WebPage","@id":"https:\/\/gruprr.com\/index.php\/ca\/serveis\/altres\/","url":"https:\/\/gruprr.com\/index.php\/ca\/serveis\/altres\/","name":"Altres Treballs - Grup RR empresa de construcci\u00f3n y reformas","isPartOf":{"@id":"https:\/\/gruprr.com\/#website"},"datePublished":"2024-07-08T14:24:45+00:00","dateModified":"2024-07-08T14:31:26+00:00","breadcrumb":{"@id":"https:\/\/gruprr.com\/index.php\/ca\/serveis\/altres\/#breadcrumb"},"inLanguage":"es","potentialAction":[{"@type":"ReadAction","target":["https:\/\/gruprr.com\/index.php\/ca\/serveis\/altres\/"]}]},{"@type":"BreadcrumbList","@id":"https:\/\/gruprr.com\/index.php\/ca\/serveis\/altres\/#breadcrumb","itemListElement":[{"@type":"ListItem","position":1,"name":"Portada","item":"https:\/\/gruprr.com\/"},{"@type":"ListItem","position":2,"name":"Serveis","item":"https:\/\/gruprr.com\/index.php\/ca\/serveis\/"},{"@type":"ListItem","position":3,"name":"Altres Treballs"}]},{"@type":"WebSite","@id":"https:\/\/gruprr.com\/#website","url":"https:\/\/gruprr.com\/","name":"Grup RR empresa de construcci\u00f3n y reformas","description":"\u00bfEst\u00e1s buscando una empresa de construcci\u00f3n y reformas? GRUP RR somo especialistas en todo tipo de proyectos de construcci\u00f3n de obra nueva como reformas, desde reformas integrales hasta reformas parciales, tanto para viviendas particulares como para locales comerciales.","potentialAction":[{"@type":"SearchAction","target":{"@type":"EntryPoint","urlTemplate":"https:\/\/gruprr.com\/?s={search_term_string}"},"query-input":"required name=search_term_string"}],"inLanguage":"es"}]}},"_links":{"self":[{"href":"https:\/\/gruprr.com\/index.php\/wp-json\/wp\/v2\/pages\/916","targetHints":{"allow":["GET"]}}],"collection":[{"href":"https:\/\/gruprr.com\/index.php\/wp-json\/wp\/v2\/pages"}],"about":[{"href":"https:\/\/gruprr.com\/index.php\/wp-json\/wp\/v2\/types\/page"}],"author":[{"embeddable":true,"href":"https:\/\/gruprr.com\/index.php\/wp-json\/wp\/v2\/users\/1"}],"replies":[{"embeddable":true,"href":"https:\/\/gruprr.com\/index.php\/wp-json\/wp\/v2\/comments?post=916"}],"version-history":[{"count":17,"href":"https:\/\/gruprr.com\/index.php\/wp-json\/wp\/v2\/pages\/916\/revisions"}],"predecessor-version":[{"id":933,"href":"https:\/\/gruprr.com\/index.php\/wp-json\/wp\/v2\/pages\/916\/revisions\/933"}],"up":[{"embeddable":true,"href":"https:\/\/gruprr.com\/index.php\/wp-json\/wp\/v2\/pages\/588"}],"wp:attachment":[{"href":"https:\/\/gruprr.com\/index.php\/wp-json\/wp\/v2\/media?parent=916"}],"curies":[{"name":"wp","href":"https:\/\/api.w.org\/{rel}","templated":true}]}}