{"id":744,"date":"2024-07-04T15:10:25","date_gmt":"2024-07-04T15:10:25","guid":{"rendered":"https:\/\/gruprr.com\/?page_id=744"},"modified":"2024-07-04T15:18:23","modified_gmt":"2024-07-04T15:18:23","slug":"bathroom-renovation","status":"publish","type":"page","link":"https:\/\/gruprr.com\/index.php\/en\/services-2\/bathroom-renovation\/","title":{"rendered":"Bathroom renovation"},"content":{"rendered":"\t\t<div data-elementor-type=\"wp-page\" data-elementor-id=\"744\" class=\"elementor elementor-744\" data-elementor-post-type=\"page\">\n\t\t\t\t<div class=\"elementor-element elementor-element-102f91d3 e-con-full e-flex e-con e-parent\" data-id=\"102f91d3\" data-element_type=\"container\" data-settings=\"{&quot;background_background&quot;:&quot;classic&quot;}\">\n\t\t\t\t<\/div>\n\t\t<div class=\"elementor-element elementor-element-5a60ead0 e-flex e-con-boxed e-con e-parent\" data-id=\"5a60ead0\" data-element_type=\"container\">\n\t\t\t\t\t<div class=\"e-con-inner\">\n\t\t\t\t<div class=\"elementor-element elementor-element-f2de772 elementor-widget elementor-widget-heading\" data-id=\"f2de772\" data-element_type=\"widget\" data-widget_type=\"heading.default\">\n\t\t\t\t<div class=\"elementor-widget-container\">\n\t\t\t<style>\/*! elementor - v3.21.0 - 08-05-2024 *\/\n.elementor-heading-title{padding:0;margin:0;line-height:1}.elementor-widget-heading .elementor-heading-title[class*=elementor-size-]>a{color:inherit;font-size:inherit;line-height:inherit}.elementor-widget-heading .elementor-heading-title.elementor-size-small{font-size:15px}.elementor-widget-heading .elementor-heading-title.elementor-size-medium{font-size:19px}.elementor-widget-heading .elementor-heading-title.elementor-size-large{font-size:29px}.elementor-widget-heading .elementor-heading-title.elementor-size-xl{font-size:39px}.elementor-widget-heading .elementor-heading-title.elementor-size-xxl{font-size:59px}<\/style><h2 class=\"elementor-heading-title elementor-size-default\">Bathroom renovation<\/h2>\t\t<\/div>\n\t\t\t\t<\/div>\n\t\t\t\t\t<\/div>\n\t\t\t\t<\/div>\n\t\t<div class=\"elementor-element elementor-element-149fec4a e-flex e-con-boxed e-con e-parent\" data-id=\"149fec4a\" data-element_type=\"container\">\n\t\t\t\t\t<div class=\"e-con-inner\">\n\t\t<div class=\"elementor-element elementor-element-9ae8d59 e-con-full e-flex e-con e-child\" data-id=\"9ae8d59\" data-element_type=\"container\" data-settings=\"{&quot;background_background&quot;:&quot;classic&quot;}\">\n\t\t\t\t<div class=\"elementor-element elementor-element-1c4ef5e7 elementor-widget elementor-widget-text-editor\" data-id=\"1c4ef5e7\" data-element_type=\"widget\" data-widget_type=\"text-editor.default\">\n\t\t\t\t<div class=\"elementor-widget-container\">\n\t\t\t<style>\/*! elementor - v3.21.0 - 08-05-2024 *\/\n.elementor-widget-text-editor.elementor-drop-cap-view-stacked .elementor-drop-cap{background-color:#69727d;color:#fff}.elementor-widget-text-editor.elementor-drop-cap-view-framed .elementor-drop-cap{color:#69727d;border:3px solid;background-color:transparent}.elementor-widget-text-editor:not(.elementor-drop-cap-view-default) .elementor-drop-cap{margin-top:8px}.elementor-widget-text-editor:not(.elementor-drop-cap-view-default) .elementor-drop-cap-letter{width:1em;height:1em}.elementor-widget-text-editor .elementor-drop-cap{float:left;text-align:center;line-height:1;font-size:50px}.elementor-widget-text-editor .elementor-drop-cap-letter{display:inline-block}<\/style>\t\t\t\t<p>Whether for personal use or as an investment, comprehensive home renovation in Roses is becoming increasingly fashionable. With a shortage of newly built homes, investing in home improvements is a safe investment, as there are profitable outlets for both sale and rental. If you are looking for a construction company<\/p>\t\t\t\t\t\t<\/div>\n\t\t\t\t<\/div>\n\t\t\t\t<\/div>\n\t\t<div class=\"elementor-element elementor-element-56aacb60 e-con-full e-flex e-con e-child\" data-id=\"56aacb60\" data-element_type=\"container\">\n\t\t\t\t<div class=\"elementor-element elementor-element-48489454 elementor-widget elementor-widget-text-editor\" data-id=\"48489454\" data-element_type=\"widget\" data-widget_type=\"text-editor.default\">\n\t\t\t\t<div class=\"elementor-widget-container\">\n\t\t\t\t\t\t\t<p>To restore your home in Roses, do not hesitate to contact us.<\/p><p>Our experts will be happy to help and advise you. We also offer free estimates for the restoration of your home.<\/p>\t\t\t\t\t\t<\/div>\n\t\t\t\t<\/div>\n\t\t\t\t<\/div>\n\t\t\t\t\t<\/div>\n\t\t\t\t<\/div>\n\t\t<div class=\"elementor-element elementor-element-3c7676ba e-flex e-con-boxed e-con e-parent\" data-id=\"3c7676ba\" data-element_type=\"container\">\n\t\t\t\t\t<div class=\"e-con-inner\">\n\t\t<a class=\"elementor-element elementor-element-1890e04a e-con-full elementor-hidden-tablet elementor-hidden-mobile e-flex e-con e-child\" data-id=\"1890e04a\" data-element_type=\"container\" data-settings=\"{&quot;background_background&quot;:&quot;classic&quot;}\" href=\"https:\/\/gruprr.com\/index.php\/servicios\/reformas-integrales\/\">\n\t\t\t\t<\/a>\n\t\t<a class=\"elementor-element elementor-element-735a841d e-con-full e-flex e-con e-child\" data-id=\"735a841d\" data-element_type=\"container\" data-settings=\"{&quot;background_background&quot;:&quot;classic&quot;}\" href=\"https:\/\/gruprr.com\/index.php\/servicios\/reformas-de-banos\/reforma-de-banos-en-roses\/\">\n\t\t<div class=\"elementor-element elementor-element-61a75897 e-flex e-con-boxed e-con e-child\" data-id=\"61a75897\" data-element_type=\"container\">\n\t\t\t\t\t<div class=\"e-con-inner\">\n\t\t\t\t<div class=\"elementor-element elementor-element-394eae93 elementor-widget__width-initial elementor-widget elementor-widget-heading\" data-id=\"394eae93\" data-element_type=\"widget\" data-widget_type=\"heading.default\">\n\t\t\t\t<div class=\"elementor-widget-container\">\n\t\t\t<h2 class=\"elementor-heading-title elementor-size-default\">Bathroom renovation<\/h2>\t\t<\/div>\n\t\t\t\t<\/div>\n\t\t\t\t\t<\/div>\n\t\t\t\t<\/div>\n\t\t\t\t<\/a>\n\t\t<a class=\"elementor-element elementor-element-5b5c1985 e-con-full elementor-hidden-tablet elementor-hidden-mobile e-flex e-con e-child\" data-id=\"5b5c1985\" data-element_type=\"container\" data-settings=\"{&quot;background_background&quot;:&quot;classic&quot;}\" href=\"https:\/\/gruprr.com\/index.php\/servicios\/construccion-de-casas-roses\/\">\n\t\t\t\t<\/a>\n\t\t\t\t\t<\/div>\n\t\t\t\t<\/div>\n\t\t<div class=\"elementor-element elementor-element-212760c9 e-flex e-con-boxed e-con e-parent\" data-id=\"212760c9\" data-element_type=\"container\">\n\t\t\t\t\t<div class=\"e-con-inner\">\n\t\t\t\t<div class=\"elementor-element elementor-element-141a7b12 elementor-widget elementor-widget-spacer\" data-id=\"141a7b12\" data-element_type=\"widget\" data-widget_type=\"spacer.default\">\n\t\t\t\t<div class=\"elementor-widget-container\">\n\t\t\t<style>\/*! elementor - v3.21.0 - 08-05-2024 *\/\n.elementor-column .elementor-spacer-inner{height:var(--spacer-size)}.e-con{--container-widget-width:100%}.e-con-inner>.elementor-widget-spacer,.e-con>.elementor-widget-spacer{width:var(--container-widget-width,var(--spacer-size));--align-self:var(--container-widget-align-self,initial);--flex-shrink:0}.e-con-inner>.elementor-widget-spacer>.elementor-widget-container,.e-con>.elementor-widget-spacer>.elementor-widget-container{height:100%;width:100%}.e-con-inner>.elementor-widget-spacer>.elementor-widget-container>.elementor-spacer,.e-con>.elementor-widget-spacer>.elementor-widget-container>.elementor-spacer{height:100%}.e-con-inner>.elementor-widget-spacer>.elementor-widget-container>.elementor-spacer>.elementor-spacer-inner,.e-con>.elementor-widget-spacer>.elementor-widget-container>.elementor-spacer>.elementor-spacer-inner{height:var(--container-widget-height,var(--spacer-size))}.e-con-inner>.elementor-widget-spacer.elementor-widget-empty,.e-con>.elementor-widget-spacer.elementor-widget-empty{position:relative;min-height:22px;min-width:22px}.e-con-inner>.elementor-widget-spacer.elementor-widget-empty .elementor-widget-empty-icon,.e-con>.elementor-widget-spacer.elementor-widget-empty .elementor-widget-empty-icon{position:absolute;top:0;bottom:0;left:0;right:0;margin:auto;padding:0;width:22px;height:22px}<\/style>\t\t<div class=\"elementor-spacer\">\n\t\t\t<div class=\"elementor-spacer-inner\"><\/div>\n\t\t<\/div>\n\t\t\t\t<\/div>\n\t\t\t\t<\/div>\n\t\t\t\t\t<\/div>\n\t\t\t\t<\/div>\n\t\t\t\t<\/div>\n\t\t","protected":false},"excerpt":{"rendered":"<p>Bathroom renovation Whether for personal use or as an investment, comprehensive home renovation in Roses is becoming increasingly fashionable. With a shortage of newly built homes, investing in home improvements is a safe investment, as there are profitable outlets for both sale and rental. If you are looking for a construction company To restore your [&hellip;]<\/p>\n","protected":false},"author":1,"featured_media":0,"parent":607,"menu_order":3,"comment_status":"closed","ping_status":"closed","template":"elementor_header_footer","meta":{"_joinchat":[],"footnotes":""},"class_list":["post-744","page","type-page","status-publish","hentry"],"yoast_head":"<!-- This site is optimized with the Yoast SEO plugin v22.6 - https:\/\/yoast.com\/wordpress\/plugins\/seo\/ -->\n<title>Bathroom renovation - Grup RR empresa de construcci\u00f3n y reformas<\/title>\n<meta name=\"robots\" content=\"index, follow, max-snippet:-1, max-image-preview:large, max-video-preview:-1\" \/>\n<link rel=\"canonical\" href=\"https:\/\/gruprr.com\/index.php\/en\/services-2\/bathroom-renovation\/\" \/>\n<meta property=\"og:locale\" content=\"es_ES\" \/>\n<meta property=\"og:type\" content=\"article\" \/>\n<meta property=\"og:title\" content=\"Bathroom renovation - Grup RR empresa de construcci\u00f3n y reformas\" \/>\n<meta property=\"og:description\" content=\"Bathroom renovation Whether for personal use or as an investment, comprehensive home renovation in Roses is becoming increasingly fashionable. With a shortage of newly built homes, investing in home improvements is a safe investment, as there are profitable outlets for both sale and rental. If you are looking for a construction company To restore your [&hellip;]\" \/>\n<meta property=\"og:url\" content=\"https:\/\/gruprr.com\/index.php\/en\/services-2\/bathroom-renovation\/\" \/>\n<meta property=\"og:site_name\" content=\"Grup RR empresa de construcci\u00f3n y reformas\" \/>\n<meta property=\"article:modified_time\" content=\"2024-07-04T15:18:23+00:00\" \/>\n<meta name=\"twitter:card\" content=\"summary_large_image\" \/>\n<meta name=\"twitter:label1\" content=\"Tiempo de lectura\" \/>\n\t<meta name=\"twitter:data1\" content=\"1 minuto\" \/>\n<script type=\"application\/ld+json\" class=\"yoast-schema-graph\">{\"@context\":\"https:\/\/schema.org\",\"@graph\":[{\"@type\":\"WebPage\",\"@id\":\"https:\/\/gruprr.com\/index.php\/en\/services-2\/bathroom-renovation\/\",\"url\":\"https:\/\/gruprr.com\/index.php\/en\/services-2\/bathroom-renovation\/\",\"name\":\"Bathroom renovation - Grup RR empresa de construcci\u00f3n y reformas\",\"isPartOf\":{\"@id\":\"https:\/\/gruprr.com\/#website\"},\"datePublished\":\"2024-07-04T15:10:25+00:00\",\"dateModified\":\"2024-07-04T15:18:23+00:00\",\"breadcrumb\":{\"@id\":\"https:\/\/gruprr.com\/index.php\/en\/services-2\/bathroom-renovation\/#breadcrumb\"},\"inLanguage\":\"es\",\"potentialAction\":[{\"@type\":\"ReadAction\",\"target\":[\"https:\/\/gruprr.com\/index.php\/en\/services-2\/bathroom-renovation\/\"]}]},{\"@type\":\"BreadcrumbList\",\"@id\":\"https:\/\/gruprr.com\/index.php\/en\/services-2\/bathroom-renovation\/#breadcrumb\",\"itemListElement\":[{\"@type\":\"ListItem\",\"position\":1,\"name\":\"Portada\",\"item\":\"https:\/\/gruprr.com\/\"},{\"@type\":\"ListItem\",\"position\":2,\"name\":\"Services\",\"item\":\"https:\/\/gruprr.com\/index.php\/en\/services-2\/\"},{\"@type\":\"ListItem\",\"position\":3,\"name\":\"Bathroom renovation\"}]},{\"@type\":\"WebSite\",\"@id\":\"https:\/\/gruprr.com\/#website\",\"url\":\"https:\/\/gruprr.com\/\",\"name\":\"Grup RR empresa de construcci\u00f3n y reformas\",\"description\":\"\u00bfEst\u00e1s buscando una empresa de construcci\u00f3n y reformas? GRUP RR somo especialistas en todo tipo de proyectos de construcci\u00f3n de obra nueva como reformas, desde reformas integrales hasta reformas parciales, tanto para viviendas particulares como para locales comerciales.\",\"potentialAction\":[{\"@type\":\"SearchAction\",\"target\":{\"@type\":\"EntryPoint\",\"urlTemplate\":\"https:\/\/gruprr.com\/?s={search_term_string}\"},\"query-input\":\"required name=search_term_string\"}],\"inLanguage\":\"es\"}]}<\/script>\n<!-- \/ Yoast SEO plugin. -->","yoast_head_json":{"title":"Bathroom renovation - Grup RR empresa de construcci\u00f3n y reformas","robots":{"index":"index","follow":"follow","max-snippet":"max-snippet:-1","max-image-preview":"max-image-preview:large","max-video-preview":"max-video-preview:-1"},"canonical":"https:\/\/gruprr.com\/index.php\/en\/services-2\/bathroom-renovation\/","og_locale":"es_ES","og_type":"article","og_title":"Bathroom renovation - Grup RR empresa de construcci\u00f3n y reformas","og_description":"Bathroom renovation Whether for personal use or as an investment, comprehensive home renovation in Roses is becoming increasingly fashionable. With a shortage of newly built homes, investing in home improvements is a safe investment, as there are profitable outlets for both sale and rental. If you are looking for a construction company To restore your [&hellip;]","og_url":"https:\/\/gruprr.com\/index.php\/en\/services-2\/bathroom-renovation\/","og_site_name":"Grup RR empresa de construcci\u00f3n y reformas","article_modified_time":"2024-07-04T15:18:23+00:00","twitter_card":"summary_large_image","twitter_misc":{"Tiempo de lectura":"1 minuto"},"schema":{"@context":"https:\/\/schema.org","@graph":[{"@type":"WebPage","@id":"https:\/\/gruprr.com\/index.php\/en\/services-2\/bathroom-renovation\/","url":"https:\/\/gruprr.com\/index.php\/en\/services-2\/bathroom-renovation\/","name":"Bathroom renovation - Grup RR empresa de construcci\u00f3n y reformas","isPartOf":{"@id":"https:\/\/gruprr.com\/#website"},"datePublished":"2024-07-04T15:10:25+00:00","dateModified":"2024-07-04T15:18:23+00:00","breadcrumb":{"@id":"https:\/\/gruprr.com\/index.php\/en\/services-2\/bathroom-renovation\/#breadcrumb"},"inLanguage":"es","potentialAction":[{"@type":"ReadAction","target":["https:\/\/gruprr.com\/index.php\/en\/services-2\/bathroom-renovation\/"]}]},{"@type":"BreadcrumbList","@id":"https:\/\/gruprr.com\/index.php\/en\/services-2\/bathroom-renovation\/#breadcrumb","itemListElement":[{"@type":"ListItem","position":1,"name":"Portada","item":"https:\/\/gruprr.com\/"},{"@type":"ListItem","position":2,"name":"Services","item":"https:\/\/gruprr.com\/index.php\/en\/services-2\/"},{"@type":"ListItem","position":3,"name":"Bathroom renovation"}]},{"@type":"WebSite","@id":"https:\/\/gruprr.com\/#website","url":"https:\/\/gruprr.com\/","name":"Grup RR empresa de construcci\u00f3n y reformas","description":"\u00bfEst\u00e1s buscando una empresa de construcci\u00f3n y reformas? GRUP RR somo especialistas en todo tipo de proyectos de construcci\u00f3n de obra nueva como reformas, desde reformas integrales hasta reformas parciales, tanto para viviendas particulares como para locales comerciales.","potentialAction":[{"@type":"SearchAction","target":{"@type":"EntryPoint","urlTemplate":"https:\/\/gruprr.com\/?s={search_term_string}"},"query-input":"required name=search_term_string"}],"inLanguage":"es"}]}},"_links":{"self":[{"href":"https:\/\/gruprr.com\/index.php\/wp-json\/wp\/v2\/pages\/744","targetHints":{"allow":["GET"]}}],"collection":[{"href":"https:\/\/gruprr.com\/index.php\/wp-json\/wp\/v2\/pages"}],"about":[{"href":"https:\/\/gruprr.com\/index.php\/wp-json\/wp\/v2\/types\/page"}],"author":[{"embeddable":true,"href":"https:\/\/gruprr.com\/index.php\/wp-json\/wp\/v2\/users\/1"}],"replies":[{"embeddable":true,"href":"https:\/\/gruprr.com\/index.php\/wp-json\/wp\/v2\/comments?post=744"}],"version-history":[{"count":10,"href":"https:\/\/gruprr.com\/index.php\/wp-json\/wp\/v2\/pages\/744\/revisions"}],"predecessor-version":[{"id":754,"href":"https:\/\/gruprr.com\/index.php\/wp-json\/wp\/v2\/pages\/744\/revisions\/754"}],"up":[{"embeddable":true,"href":"https:\/\/gruprr.com\/index.php\/wp-json\/wp\/v2\/pages\/607"}],"wp:attachment":[{"href":"https:\/\/gruprr.com\/index.php\/wp-json\/wp\/v2\/media?parent=744"}],"curies":[{"name":"wp","href":"https:\/\/api.w.org\/{rel}","templated":true}]}}