{"id":689,"date":"2024-07-04T14:52:09","date_gmt":"2024-07-04T14:52:09","guid":{"rendered":"https:\/\/gruprr.com\/?page_id=689"},"modified":"2024-07-04T14:56:04","modified_gmt":"2024-07-04T14:56:04","slug":"cokk","status":"publish","type":"page","link":"https:\/\/gruprr.com\/index.php\/en\/services-2\/cokk\/","title":{"rendered":"Kitchen renovation"},"content":{"rendered":"\t\t<div data-elementor-type=\"wp-page\" data-elementor-id=\"689\" class=\"elementor elementor-689\" data-elementor-post-type=\"page\">\n\t\t\t\t<div class=\"elementor-element elementor-element-56a6874f e-con-full e-flex e-con e-parent\" data-id=\"56a6874f\" data-element_type=\"container\" data-settings=\"{&quot;background_background&quot;:&quot;classic&quot;}\">\n\t\t\t\t<\/div>\n\t\t<div class=\"elementor-element elementor-element-641f2048 e-flex e-con-boxed e-con e-parent\" data-id=\"641f2048\" data-element_type=\"container\">\n\t\t\t\t\t<div class=\"e-con-inner\">\n\t\t\t\t<div class=\"elementor-element elementor-element-619eae6d elementor-widget elementor-widget-heading\" data-id=\"619eae6d\" data-element_type=\"widget\" data-widget_type=\"heading.default\">\n\t\t\t\t<div class=\"elementor-widget-container\">\n\t\t\t<style>\/*! elementor - v3.21.0 - 08-05-2024 *\/\n.elementor-heading-title{padding:0;margin:0;line-height:1}.elementor-widget-heading .elementor-heading-title[class*=elementor-size-]>a{color:inherit;font-size:inherit;line-height:inherit}.elementor-widget-heading .elementor-heading-title.elementor-size-small{font-size:15px}.elementor-widget-heading .elementor-heading-title.elementor-size-medium{font-size:19px}.elementor-widget-heading .elementor-heading-title.elementor-size-large{font-size:29px}.elementor-widget-heading .elementor-heading-title.elementor-size-xl{font-size:39px}.elementor-widget-heading .elementor-heading-title.elementor-size-xxl{font-size:59px}<\/style><h2 class=\"elementor-heading-title elementor-size-default\">Kitchen renovation<\/h2>\t\t<\/div>\n\t\t\t\t<\/div>\n\t\t\t\t\t<\/div>\n\t\t\t\t<\/div>\n\t\t<div class=\"elementor-element elementor-element-a23ab37 e-flex e-con-boxed e-con e-parent\" data-id=\"a23ab37\" data-element_type=\"container\">\n\t\t\t\t\t<div class=\"e-con-inner\">\n\t\t<div class=\"elementor-element elementor-element-2bd984cf e-con-full e-flex e-con e-child\" data-id=\"2bd984cf\" data-element_type=\"container\" data-settings=\"{&quot;background_background&quot;:&quot;classic&quot;}\">\n\t\t\t\t<div class=\"elementor-element elementor-element-1bd812a elementor-widget elementor-widget-text-editor\" data-id=\"1bd812a\" data-element_type=\"widget\" data-widget_type=\"text-editor.default\">\n\t\t\t\t<div class=\"elementor-widget-container\">\n\t\t\t<style>\/*! elementor - v3.21.0 - 08-05-2024 *\/\n.elementor-widget-text-editor.elementor-drop-cap-view-stacked .elementor-drop-cap{background-color:#69727d;color:#fff}.elementor-widget-text-editor.elementor-drop-cap-view-framed .elementor-drop-cap{color:#69727d;border:3px solid;background-color:transparent}.elementor-widget-text-editor:not(.elementor-drop-cap-view-default) .elementor-drop-cap{margin-top:8px}.elementor-widget-text-editor:not(.elementor-drop-cap-view-default) .elementor-drop-cap-letter{width:1em;height:1em}.elementor-widget-text-editor .elementor-drop-cap{float:left;text-align:center;line-height:1;font-size:50px}.elementor-widget-text-editor .elementor-drop-cap-letter{display:inline-block}<\/style>\t\t\t\t<p>Whether for personal use or as an investment, comprehensive home renovation in Roses is becoming increasingly fashionable. With a shortage of newly built homes, investing in home improvements is a safe investment, as there are profitable outlets for both sale and rental. If you are looking for a construction company<\/p>\t\t\t\t\t\t<\/div>\n\t\t\t\t<\/div>\n\t\t\t\t<\/div>\n\t\t<div class=\"elementor-element elementor-element-7a7bc796 e-con-full e-flex e-con e-child\" data-id=\"7a7bc796\" data-element_type=\"container\">\n\t\t\t\t<div class=\"elementor-element elementor-element-6dc22db2 elementor-widget elementor-widget-text-editor\" data-id=\"6dc22db2\" data-element_type=\"widget\" data-widget_type=\"text-editor.default\">\n\t\t\t\t<div class=\"elementor-widget-container\">\n\t\t\t\t\t\t\t<p>To restore your home in Roses, do not hesitate to contact us.<\/p><p>Our experts will be happy to help and advise you. We also offer free estimates for the restoration of your home.<\/p>\t\t\t\t\t\t<\/div>\n\t\t\t\t<\/div>\n\t\t\t\t<\/div>\n\t\t\t\t\t<\/div>\n\t\t\t\t<\/div>\n\t\t<div class=\"elementor-element elementor-element-67eb3e03 e-flex e-con-boxed e-con e-parent\" data-id=\"67eb3e03\" data-element_type=\"container\">\n\t\t\t\t\t<div class=\"e-con-inner\">\n\t\t<a class=\"elementor-element elementor-element-514b76a8 e-con-full elementor-hidden-tablet elementor-hidden-mobile e-flex e-con e-child\" data-id=\"514b76a8\" data-element_type=\"container\" data-settings=\"{&quot;background_background&quot;:&quot;classic&quot;}\" href=\"https:\/\/gruprr.com\/index.php\/servicios\/reformas-integrales\/\">\n\t\t\t\t<\/a>\n\t\t<a class=\"elementor-element elementor-element-45db540e e-con-full e-flex e-con e-child\" data-id=\"45db540e\" data-element_type=\"container\" data-settings=\"{&quot;background_background&quot;:&quot;classic&quot;}\" href=\"https:\/\/gruprr.com\/index.php\/servicios\/reformas-de-cocinas-roses\/reforma-de-cocinas-en-roses\/\">\n\t\t<div class=\"elementor-element elementor-element-4e8dc4f4 e-flex e-con-boxed e-con e-child\" data-id=\"4e8dc4f4\" data-element_type=\"container\">\n\t\t\t\t\t<div class=\"e-con-inner\">\n\t\t\t\t<div class=\"elementor-element elementor-element-7a05735 elementor-widget__width-initial elementor-widget elementor-widget-heading\" data-id=\"7a05735\" data-element_type=\"widget\" data-widget_type=\"heading.default\">\n\t\t\t\t<div class=\"elementor-widget-container\">\n\t\t\t<h2 class=\"elementor-heading-title elementor-size-default\">Kitchen renovation<\/h2>\t\t<\/div>\n\t\t\t\t<\/div>\n\t\t\t\t\t<\/div>\n\t\t\t\t<\/div>\n\t\t\t\t<\/a>\n\t\t<a class=\"elementor-element elementor-element-71fc281c e-con-full elementor-hidden-tablet elementor-hidden-mobile e-flex e-con e-child\" data-id=\"71fc281c\" data-element_type=\"container\" data-settings=\"{&quot;background_background&quot;:&quot;classic&quot;}\" href=\"https:\/\/gruprr.com\/index.php\/servicios\/construccion-de-casas-roses\/\">\n\t\t\t\t<\/a>\n\t\t\t\t\t<\/div>\n\t\t\t\t<\/div>\n\t\t<div class=\"elementor-element elementor-element-45528a34 e-flex e-con-boxed e-con e-parent\" data-id=\"45528a34\" data-element_type=\"container\">\n\t\t\t\t\t<div class=\"e-con-inner\">\n\t\t\t\t<div class=\"elementor-element elementor-element-1c324cbc elementor-widget elementor-widget-spacer\" data-id=\"1c324cbc\" data-element_type=\"widget\" data-widget_type=\"spacer.default\">\n\t\t\t\t<div class=\"elementor-widget-container\">\n\t\t\t<style>\/*! elementor - v3.21.0 - 08-05-2024 *\/\n.elementor-column .elementor-spacer-inner{height:var(--spacer-size)}.e-con{--container-widget-width:100%}.e-con-inner>.elementor-widget-spacer,.e-con>.elementor-widget-spacer{width:var(--container-widget-width,var(--spacer-size));--align-self:var(--container-widget-align-self,initial);--flex-shrink:0}.e-con-inner>.elementor-widget-spacer>.elementor-widget-container,.e-con>.elementor-widget-spacer>.elementor-widget-container{height:100%;width:100%}.e-con-inner>.elementor-widget-spacer>.elementor-widget-container>.elementor-spacer,.e-con>.elementor-widget-spacer>.elementor-widget-container>.elementor-spacer{height:100%}.e-con-inner>.elementor-widget-spacer>.elementor-widget-container>.elementor-spacer>.elementor-spacer-inner,.e-con>.elementor-widget-spacer>.elementor-widget-container>.elementor-spacer>.elementor-spacer-inner{height:var(--container-widget-height,var(--spacer-size))}.e-con-inner>.elementor-widget-spacer.elementor-widget-empty,.e-con>.elementor-widget-spacer.elementor-widget-empty{position:relative;min-height:22px;min-width:22px}.e-con-inner>.elementor-widget-spacer.elementor-widget-empty .elementor-widget-empty-icon,.e-con>.elementor-widget-spacer.elementor-widget-empty .elementor-widget-empty-icon{position:absolute;top:0;bottom:0;left:0;right:0;margin:auto;padding:0;width:22px;height:22px}<\/style>\t\t<div class=\"elementor-spacer\">\n\t\t\t<div class=\"elementor-spacer-inner\"><\/div>\n\t\t<\/div>\n\t\t\t\t<\/div>\n\t\t\t\t<\/div>\n\t\t\t\t\t<\/div>\n\t\t\t\t<\/div>\n\t\t\t\t<\/div>\n\t\t","protected":false},"excerpt":{"rendered":"<p>Kitchen renovation Whether for personal use or as an investment, comprehensive home renovation in Roses is becoming increasingly fashionable. With a shortage of newly built homes, investing in home improvements is a safe investment, as there are profitable outlets for both sale and rental. If you are looking for a construction company To restore your [&hellip;]<\/p>\n","protected":false},"author":1,"featured_media":0,"parent":607,"menu_order":2,"comment_status":"closed","ping_status":"closed","template":"elementor_header_footer","meta":{"_joinchat":[],"footnotes":""},"class_list":["post-689","page","type-page","status-publish","hentry"],"yoast_head":"<!-- This site is optimized with the Yoast SEO plugin v22.6 - https:\/\/yoast.com\/wordpress\/plugins\/seo\/ -->\n<title>Kitchen renovation - Grup RR empresa de construcci\u00f3n y reformas<\/title>\n<meta name=\"robots\" content=\"index, follow, max-snippet:-1, max-image-preview:large, max-video-preview:-1\" \/>\n<link rel=\"canonical\" href=\"https:\/\/gruprr.com\/index.php\/en\/services-2\/cokk\/\" \/>\n<meta property=\"og:locale\" content=\"es_ES\" \/>\n<meta property=\"og:type\" content=\"article\" \/>\n<meta property=\"og:title\" content=\"Kitchen renovation - Grup RR empresa de construcci\u00f3n y reformas\" \/>\n<meta property=\"og:description\" content=\"Kitchen renovation Whether for personal use or as an investment, comprehensive home renovation in Roses is becoming increasingly fashionable. With a shortage of newly built homes, investing in home improvements is a safe investment, as there are profitable outlets for both sale and rental. If you are looking for a construction company To restore your [&hellip;]\" \/>\n<meta property=\"og:url\" content=\"https:\/\/gruprr.com\/index.php\/en\/services-2\/cokk\/\" \/>\n<meta property=\"og:site_name\" content=\"Grup RR empresa de construcci\u00f3n y reformas\" \/>\n<meta property=\"article:modified_time\" content=\"2024-07-04T14:56:04+00:00\" \/>\n<meta name=\"twitter:card\" content=\"summary_large_image\" \/>\n<meta name=\"twitter:label1\" content=\"Tiempo de lectura\" \/>\n\t<meta name=\"twitter:data1\" content=\"1 minuto\" \/>\n<script type=\"application\/ld+json\" class=\"yoast-schema-graph\">{\"@context\":\"https:\/\/schema.org\",\"@graph\":[{\"@type\":\"WebPage\",\"@id\":\"https:\/\/gruprr.com\/index.php\/en\/services-2\/cokk\/\",\"url\":\"https:\/\/gruprr.com\/index.php\/en\/services-2\/cokk\/\",\"name\":\"Kitchen renovation - Grup RR empresa de construcci\u00f3n y reformas\",\"isPartOf\":{\"@id\":\"https:\/\/gruprr.com\/#website\"},\"datePublished\":\"2024-07-04T14:52:09+00:00\",\"dateModified\":\"2024-07-04T14:56:04+00:00\",\"breadcrumb\":{\"@id\":\"https:\/\/gruprr.com\/index.php\/en\/services-2\/cokk\/#breadcrumb\"},\"inLanguage\":\"es\",\"potentialAction\":[{\"@type\":\"ReadAction\",\"target\":[\"https:\/\/gruprr.com\/index.php\/en\/services-2\/cokk\/\"]}]},{\"@type\":\"BreadcrumbList\",\"@id\":\"https:\/\/gruprr.com\/index.php\/en\/services-2\/cokk\/#breadcrumb\",\"itemListElement\":[{\"@type\":\"ListItem\",\"position\":1,\"name\":\"Portada\",\"item\":\"https:\/\/gruprr.com\/\"},{\"@type\":\"ListItem\",\"position\":2,\"name\":\"Services\",\"item\":\"https:\/\/gruprr.com\/index.php\/en\/services-2\/\"},{\"@type\":\"ListItem\",\"position\":3,\"name\":\"Kitchen renovation\"}]},{\"@type\":\"WebSite\",\"@id\":\"https:\/\/gruprr.com\/#website\",\"url\":\"https:\/\/gruprr.com\/\",\"name\":\"Grup RR empresa de construcci\u00f3n y reformas\",\"description\":\"\u00bfEst\u00e1s buscando una empresa de construcci\u00f3n y reformas? GRUP RR somo especialistas en todo tipo de proyectos de construcci\u00f3n de obra nueva como reformas, desde reformas integrales hasta reformas parciales, tanto para viviendas particulares como para locales comerciales.\",\"potentialAction\":[{\"@type\":\"SearchAction\",\"target\":{\"@type\":\"EntryPoint\",\"urlTemplate\":\"https:\/\/gruprr.com\/?s={search_term_string}\"},\"query-input\":\"required name=search_term_string\"}],\"inLanguage\":\"es\"}]}<\/script>\n<!-- \/ Yoast SEO plugin. -->","yoast_head_json":{"title":"Kitchen renovation - Grup RR empresa de construcci\u00f3n y reformas","robots":{"index":"index","follow":"follow","max-snippet":"max-snippet:-1","max-image-preview":"max-image-preview:large","max-video-preview":"max-video-preview:-1"},"canonical":"https:\/\/gruprr.com\/index.php\/en\/services-2\/cokk\/","og_locale":"es_ES","og_type":"article","og_title":"Kitchen renovation - Grup RR empresa de construcci\u00f3n y reformas","og_description":"Kitchen renovation Whether for personal use or as an investment, comprehensive home renovation in Roses is becoming increasingly fashionable. With a shortage of newly built homes, investing in home improvements is a safe investment, as there are profitable outlets for both sale and rental. If you are looking for a construction company To restore your [&hellip;]","og_url":"https:\/\/gruprr.com\/index.php\/en\/services-2\/cokk\/","og_site_name":"Grup RR empresa de construcci\u00f3n y reformas","article_modified_time":"2024-07-04T14:56:04+00:00","twitter_card":"summary_large_image","twitter_misc":{"Tiempo de lectura":"1 minuto"},"schema":{"@context":"https:\/\/schema.org","@graph":[{"@type":"WebPage","@id":"https:\/\/gruprr.com\/index.php\/en\/services-2\/cokk\/","url":"https:\/\/gruprr.com\/index.php\/en\/services-2\/cokk\/","name":"Kitchen renovation - Grup RR empresa de construcci\u00f3n y reformas","isPartOf":{"@id":"https:\/\/gruprr.com\/#website"},"datePublished":"2024-07-04T14:52:09+00:00","dateModified":"2024-07-04T14:56:04+00:00","breadcrumb":{"@id":"https:\/\/gruprr.com\/index.php\/en\/services-2\/cokk\/#breadcrumb"},"inLanguage":"es","potentialAction":[{"@type":"ReadAction","target":["https:\/\/gruprr.com\/index.php\/en\/services-2\/cokk\/"]}]},{"@type":"BreadcrumbList","@id":"https:\/\/gruprr.com\/index.php\/en\/services-2\/cokk\/#breadcrumb","itemListElement":[{"@type":"ListItem","position":1,"name":"Portada","item":"https:\/\/gruprr.com\/"},{"@type":"ListItem","position":2,"name":"Services","item":"https:\/\/gruprr.com\/index.php\/en\/services-2\/"},{"@type":"ListItem","position":3,"name":"Kitchen renovation"}]},{"@type":"WebSite","@id":"https:\/\/gruprr.com\/#website","url":"https:\/\/gruprr.com\/","name":"Grup RR empresa de construcci\u00f3n y reformas","description":"\u00bfEst\u00e1s buscando una empresa de construcci\u00f3n y reformas? GRUP RR somo especialistas en todo tipo de proyectos de construcci\u00f3n de obra nueva como reformas, desde reformas integrales hasta reformas parciales, tanto para viviendas particulares como para locales comerciales.","potentialAction":[{"@type":"SearchAction","target":{"@type":"EntryPoint","urlTemplate":"https:\/\/gruprr.com\/?s={search_term_string}"},"query-input":"required name=search_term_string"}],"inLanguage":"es"}]}},"_links":{"self":[{"href":"https:\/\/gruprr.com\/index.php\/wp-json\/wp\/v2\/pages\/689","targetHints":{"allow":["GET"]}}],"collection":[{"href":"https:\/\/gruprr.com\/index.php\/wp-json\/wp\/v2\/pages"}],"about":[{"href":"https:\/\/gruprr.com\/index.php\/wp-json\/wp\/v2\/types\/page"}],"author":[{"embeddable":true,"href":"https:\/\/gruprr.com\/index.php\/wp-json\/wp\/v2\/users\/1"}],"replies":[{"embeddable":true,"href":"https:\/\/gruprr.com\/index.php\/wp-json\/wp\/v2\/comments?post=689"}],"version-history":[{"count":8,"href":"https:\/\/gruprr.com\/index.php\/wp-json\/wp\/v2\/pages\/689\/revisions"}],"predecessor-version":[{"id":698,"href":"https:\/\/gruprr.com\/index.php\/wp-json\/wp\/v2\/pages\/689\/revisions\/698"}],"up":[{"embeddable":true,"href":"https:\/\/gruprr.com\/index.php\/wp-json\/wp\/v2\/pages\/607"}],"wp:attachment":[{"href":"https:\/\/gruprr.com\/index.php\/wp-json\/wp\/v2\/media?parent=689"}],"curies":[{"name":"wp","href":"https:\/\/api.w.org\/{rel}","templated":true}]}}