{"id":453,"date":"2024-06-28T08:46:46","date_gmt":"2024-06-28T08:46:46","guid":{"rendered":"https:\/\/gruprr.com\/?page_id=453"},"modified":"2024-06-28T08:53:50","modified_gmt":"2024-06-28T08:53:50","slug":"inici","status":"publish","type":"page","link":"https:\/\/gruprr.com\/index.php\/ca\/inici\/","title":{"rendered":"Inici"},"content":{"rendered":"\t\t<div data-elementor-type=\"wp-page\" data-elementor-id=\"453\" class=\"elementor elementor-453\" data-elementor-post-type=\"page\">\n\t\t\t\t<div class=\"elementor-element elementor-element-a6da553 e-con-full e-flex e-con e-parent\" data-id=\"a6da553\" data-element_type=\"container\" data-settings=\"{&quot;background_background&quot;:&quot;classic&quot;}\">\n\t\t\t\t<\/div>\n\t\t<div class=\"elementor-element elementor-element-eca584c e-flex e-con-boxed e-con e-parent\" data-id=\"eca584c\" data-element_type=\"container\">\n\t\t\t\t\t<div class=\"e-con-inner\">\n\t\t\t\t<div class=\"elementor-element elementor-element-b7ad33d elementor-widget elementor-widget-heading\" data-id=\"b7ad33d\" data-element_type=\"widget\" data-widget_type=\"heading.default\">\n\t\t\t\t<div class=\"elementor-widget-container\">\n\t\t\t<style>\/*! elementor - v3.21.0 - 08-05-2024 *\/\n.elementor-heading-title{padding:0;margin:0;line-height:1}.elementor-widget-heading .elementor-heading-title[class*=elementor-size-]>a{color:inherit;font-size:inherit;line-height:inherit}.elementor-widget-heading .elementor-heading-title.elementor-size-small{font-size:15px}.elementor-widget-heading .elementor-heading-title.elementor-size-medium{font-size:19px}.elementor-widget-heading .elementor-heading-title.elementor-size-large{font-size:29px}.elementor-widget-heading .elementor-heading-title.elementor-size-xl{font-size:39px}.elementor-widget-heading .elementor-heading-title.elementor-size-xxl{font-size:59px}<\/style><h2 class=\"elementor-heading-title elementor-size-default\">Empresa de construcci\u00f3 i reformes\nEspecialitzats en projectes claus en m\u00e0<\/h2>\t\t<\/div>\n\t\t\t\t<\/div>\n\t\t\t\t\t<\/div>\n\t\t\t\t<\/div>\n\t\t<div class=\"elementor-element elementor-element-5fef40c e-flex e-con-boxed e-con e-parent\" data-id=\"5fef40c\" data-element_type=\"container\">\n\t\t\t\t\t<div class=\"e-con-inner\">\n\t\t<div class=\"elementor-element elementor-element-ac7e217 e-con-full e-flex e-con e-child\" data-id=\"ac7e217\" data-element_type=\"container\" data-settings=\"{&quot;background_background&quot;:&quot;classic&quot;}\">\n\t\t\t\t<div class=\"elementor-element elementor-element-2ea6681 elementor-widget elementor-widget-text-editor\" data-id=\"2ea6681\" data-element_type=\"widget\" data-widget_type=\"text-editor.default\">\n\t\t\t\t<div class=\"elementor-widget-container\">\n\t\t\t<style>\/*! elementor - v3.21.0 - 08-05-2024 *\/\n.elementor-widget-text-editor.elementor-drop-cap-view-stacked .elementor-drop-cap{background-color:#69727d;color:#fff}.elementor-widget-text-editor.elementor-drop-cap-view-framed .elementor-drop-cap{color:#69727d;border:3px solid;background-color:transparent}.elementor-widget-text-editor:not(.elementor-drop-cap-view-default) .elementor-drop-cap{margin-top:8px}.elementor-widget-text-editor:not(.elementor-drop-cap-view-default) .elementor-drop-cap-letter{width:1em;height:1em}.elementor-widget-text-editor .elementor-drop-cap{float:left;text-align:center;line-height:1;font-size:50px}.elementor-widget-text-editor .elementor-drop-cap-letter{display:inline-block}<\/style>\t\t\t\t<p>Est\u00e0s buscant una empresa de construcci\u00f3 i reformes? RR Rehabilitacions i Reformes estem especialistes en tota mena de projectes de construcci\u00f3 d&#8217;obra nova com a reformes, des de reformes integrals fins a reformes parcials, tant per a habitatges particulars com per a locals comercials.<\/p><p>Deixa&#8217;l a les nostres mans i ocupa&#8217;t, simplement, de gaudir de la feina ben feta.<\/p>\t\t\t\t\t\t<\/div>\n\t\t\t\t<\/div>\n\t\t\t\t<\/div>\n\t\t<div class=\"elementor-element elementor-element-38cc199 e-con-full e-flex e-con e-child\" data-id=\"38cc199\" data-element_type=\"container\">\n\t\t\t\t<div class=\"elementor-element elementor-element-8ea474e elementor-widget elementor-widget-text-editor\" data-id=\"8ea474e\" data-element_type=\"widget\" data-widget_type=\"text-editor.default\">\n\t\t\t\t<div class=\"elementor-widget-container\">\n\t\t\t\t\t\t\t<p>L&#8217;equip de professionals de RR Rehabilitacions i es<br \/>encarregar\u00e0 d&#8217;oferir-te un servei a mida on<br \/>cap detall quedi sense cobrir.<br \/>Tamb\u00e9 realitzem reformes parcials si nom\u00e9s vols<br \/>realitzar la : Reforma de cuina a Roses i els seus voltants<br \/>Reforma de bany a Roses i els seus voltants<\/p>\t\t\t\t\t\t<\/div>\n\t\t\t\t<\/div>\n\t\t\t\t<\/div>\n\t\t\t\t\t<\/div>\n\t\t\t\t<\/div>\n\t\t<div class=\"elementor-element elementor-element-f5d3f2b e-flex e-con-boxed e-con e-parent\" data-id=\"f5d3f2b\" data-element_type=\"container\">\n\t\t\t\t\t<div class=\"e-con-inner\">\n\t\t<a class=\"elementor-element elementor-element-3469a5b e-con-full e-flex e-con e-child\" data-id=\"3469a5b\" data-element_type=\"container\" data-settings=\"{&quot;background_background&quot;:&quot;classic&quot;}\" href=\"https:\/\/gruprr.com\/index.php\/servicios\/reformas-integrales\/\">\n\t\t<div class=\"elementor-element elementor-element-614bb43 e-flex e-con-boxed e-con e-child\" data-id=\"614bb43\" data-element_type=\"container\">\n\t\t\t\t\t<div class=\"e-con-inner\">\n\t\t\t\t<div class=\"elementor-element elementor-element-3d2da0a elementor-widget__width-initial elementor-widget elementor-widget-heading\" data-id=\"3d2da0a\" data-element_type=\"widget\" data-widget_type=\"heading.default\">\n\t\t\t\t<div class=\"elementor-widget-container\">\n\t\t\t<h2 class=\"elementor-heading-title elementor-size-default\">Reformes integrals\n<\/h2>\t\t<\/div>\n\t\t\t\t<\/div>\n\t\t\t\t\t<\/div>\n\t\t\t\t<\/div>\n\t\t\t\t<\/a>\n\t\t<a class=\"elementor-element elementor-element-e8b3fdf e-con-full e-flex e-con e-child\" data-id=\"e8b3fdf\" data-element_type=\"container\" data-settings=\"{&quot;background_background&quot;:&quot;classic&quot;}\" href=\"https:\/\/gruprr.com\/index.php\/servicios\/construccion-de-casas-roses\/\">\n\t\t<div class=\"elementor-element elementor-element-e7d6d95 e-flex e-con-boxed e-con e-child\" data-id=\"e7d6d95\" data-element_type=\"container\">\n\t\t\t\t\t<div class=\"e-con-inner\">\n\t\t\t\t<div class=\"elementor-element elementor-element-47909a9 elementor-widget__width-initial elementor-widget elementor-widget-heading\" data-id=\"47909a9\" data-element_type=\"widget\" data-widget_type=\"heading.default\">\n\t\t\t\t<div class=\"elementor-widget-container\">\n\t\t\t<h2 class=\"elementor-heading-title elementor-size-default\">Construcci\u00f3 de cases\n<\/h2>\t\t<\/div>\n\t\t\t\t<\/div>\n\t\t\t\t\t<\/div>\n\t\t\t\t<\/div>\n\t\t\t\t<\/a>\n\t\t\t\t\t<\/div>\n\t\t\t\t<\/div>\n\t\t<div class=\"elementor-element elementor-element-25b03f7 e-flex e-con-boxed e-con e-parent\" data-id=\"25b03f7\" data-element_type=\"container\">\n\t\t\t\t\t<div class=\"e-con-inner\">\n\t\t<a class=\"elementor-element elementor-element-095de3e e-con-full e-flex e-con e-child\" data-id=\"095de3e\" data-element_type=\"container\" data-settings=\"{&quot;background_background&quot;:&quot;classic&quot;}\" href=\"https:\/\/gruprr.com\/index.php\/servicios\/reformas-de-banos\/\">\n\t\t<div class=\"elementor-element elementor-element-6db2448 e-flex e-con-boxed e-con e-child\" data-id=\"6db2448\" data-element_type=\"container\">\n\t\t\t\t\t<div class=\"e-con-inner\">\n\t\t\t\t<div class=\"elementor-element elementor-element-3c8a40b elementor-widget__width-initial elementor-widget elementor-widget-heading\" data-id=\"3c8a40b\" data-element_type=\"widget\" data-widget_type=\"heading.default\">\n\t\t\t\t<div class=\"elementor-widget-container\">\n\t\t\t<h2 class=\"elementor-heading-title elementor-size-default\">Reformes de banys<\/h2>\t\t<\/div>\n\t\t\t\t<\/div>\n\t\t\t\t\t<\/div>\n\t\t\t\t<\/div>\n\t\t\t\t<\/a>\n\t\t<a class=\"elementor-element elementor-element-c91b973 e-con-full e-flex e-con e-child\" data-id=\"c91b973\" data-element_type=\"container\" data-settings=\"{&quot;background_background&quot;:&quot;classic&quot;}\" href=\"https:\/\/gruprr.com\/index.php\/servicios\/reformas-de-cocinas-roses\/\">\n\t\t<div class=\"elementor-element elementor-element-6ec2af3 e-flex e-con-boxed e-con e-child\" data-id=\"6ec2af3\" data-element_type=\"container\">\n\t\t\t\t\t<div class=\"e-con-inner\">\n\t\t\t\t<div class=\"elementor-element elementor-element-7e1bfbb elementor-widget__width-initial elementor-widget elementor-widget-heading\" data-id=\"7e1bfbb\" data-element_type=\"widget\" data-widget_type=\"heading.default\">\n\t\t\t\t<div class=\"elementor-widget-container\">\n\t\t\t<h2 class=\"elementor-heading-title elementor-size-default\">Reformes de cuines<\/h2>\t\t<\/div>\n\t\t\t\t<\/div>\n\t\t\t\t\t<\/div>\n\t\t\t\t<\/div>\n\t\t\t\t<\/a>\n\t\t\t\t\t<\/div>\n\t\t\t\t<\/div>\n\t\t<div class=\"elementor-element elementor-element-ee539f1 e-flex e-con-boxed e-con e-parent\" data-id=\"ee539f1\" data-element_type=\"container\">\n\t\t\t\t\t<div class=\"e-con-inner\">\n\t\t<a class=\"elementor-element elementor-element-0afb697 e-con-full e-flex e-con e-child\" data-id=\"0afb697\" data-element_type=\"container\" data-settings=\"{&quot;background_background&quot;:&quot;classic&quot;}\" href=\"https:\/\/gruprr.com\/index.php\/servicios\/piscinas\/\">\n\t\t<div class=\"elementor-element elementor-element-5aa7d9a e-flex e-con-boxed e-con e-child\" data-id=\"5aa7d9a\" data-element_type=\"container\">\n\t\t\t\t\t<div class=\"e-con-inner\">\n\t\t\t\t<div class=\"elementor-element elementor-element-e9c8601 elementor-widget__width-initial elementor-widget elementor-widget-heading\" data-id=\"e9c8601\" data-element_type=\"widget\" data-widget_type=\"heading.default\">\n\t\t\t\t<div class=\"elementor-widget-container\">\n\t\t\t<h2 class=\"elementor-heading-title elementor-size-default\">Construcci\u00f3 de piscines<\/h2>\t\t<\/div>\n\t\t\t\t<\/div>\n\t\t\t\t\t<\/div>\n\t\t\t\t<\/div>\n\t\t\t\t<\/a>\n\t\t<a class=\"elementor-element elementor-element-592cb3d e-con-full e-flex e-con e-child\" data-id=\"592cb3d\" data-element_type=\"container\" data-settings=\"{&quot;background_background&quot;:&quot;classic&quot;}\" href=\"https:\/\/gruprr.com\/index.php\/servicios\/otros\/\">\n\t\t<div class=\"elementor-element elementor-element-91774e4 e-flex e-con-boxed e-con e-child\" data-id=\"91774e4\" data-element_type=\"container\">\n\t\t\t\t\t<div class=\"e-con-inner\">\n\t\t\t\t<div class=\"elementor-element elementor-element-25cb41d elementor-widget__width-initial elementor-widget elementor-widget-heading\" data-id=\"25cb41d\" data-element_type=\"widget\" data-widget_type=\"heading.default\">\n\t\t\t\t<div class=\"elementor-widget-container\">\n\t\t\t<h2 class=\"elementor-heading-title elementor-size-default\">Altres feines<\/h2>\t\t<\/div>\n\t\t\t\t<\/div>\n\t\t\t\t\t<\/div>\n\t\t\t\t<\/div>\n\t\t\t\t<\/a>\n\t\t\t\t\t<\/div>\n\t\t\t\t<\/div>\n\t\t<div class=\"elementor-element elementor-element-9148a66 e-flex e-con-boxed e-con e-parent\" data-id=\"9148a66\" data-element_type=\"container\">\n\t\t\t\t\t<div class=\"e-con-inner\">\n\t\t\t\t<div class=\"elementor-element elementor-element-87cd477 elementor-widget__width-initial elementor-widget elementor-widget-heading\" data-id=\"87cd477\" data-element_type=\"widget\" data-widget_type=\"heading.default\">\n\t\t\t\t<div class=\"elementor-widget-container\">\n\t\t\t<h2 class=\"elementor-heading-title elementor-size-default\">Raons per triar\nRR Rehabilitacions i reformes:<\/h2>\t\t<\/div>\n\t\t\t\t<\/div>\n\t\t\t\t\t<\/div>\n\t\t\t\t<\/div>\n\t\t<div class=\"elementor-element elementor-element-d86c483 e-flex e-con-boxed e-con e-parent\" data-id=\"d86c483\" data-element_type=\"container\">\n\t\t\t\t\t<div class=\"e-con-inner\">\n\t\t<div class=\"elementor-element elementor-element-06ea039 e-con-full e-flex e-con e-child\" data-id=\"06ea039\" data-element_type=\"container\" data-settings=\"{&quot;background_background&quot;:&quot;classic&quot;}\">\n\t\t\t\t<div class=\"elementor-element elementor-element-e2e7427 elementor-widget elementor-widget-text-editor\" data-id=\"e2e7427\" data-element_type=\"widget\" data-widget_type=\"text-editor.default\">\n\t\t\t\t<div class=\"elementor-widget-container\">\n\t\t\t\t\t\t\t<p>Hi ha diversos motius per triar-nos per a la teva propera reforma a Roses. Per sobre de tot, el nostre equip de professionals altament qualificats s&#8217;assegura que cada projecte de reforma compleixi amb els requisits i desitjos espec\u00edfics de cada client. Ja sigui que estigui buscant una renovaci\u00f3 total o parcial, els nostres experts el guiaran a cada pas del proc\u00e9s i s&#8217;asseguraran que tot compleixi amb les seves expectatives.<\/p><p>Un altre motiu per triar-nos \u00e9s que podem adaptar-nos a<br \/>qualsevol pressupost. Volem assegurar-nos que cada<\/p>\t\t\t\t\t\t<\/div>\n\t\t\t\t<\/div>\n\t\t\t\t<\/div>\n\t\t<div class=\"elementor-element elementor-element-67d14f0 e-con-full e-flex e-con e-child\" data-id=\"67d14f0\" data-element_type=\"container\">\n\t\t\t\t<div class=\"elementor-element elementor-element-18b6033 elementor-widget elementor-widget-text-editor\" data-id=\"18b6033\" data-element_type=\"widget\" data-widget_type=\"text-editor.default\">\n\t\t\t\t<div class=\"elementor-widget-container\">\n\t\t\t\t\t\t\t<p><br \/>client pugui gaudir de reparacions de qualitat sense<br \/>preocupar-se pels costos. Utilitzem materials de la m\u00e9s alta qualitat, la qual cosa significa que podem garantir-vos els millors resultats. A m\u00e9s, la nostra empresa es compromet a brindar un servei excepcional a cada projecte que compleixi amb els est\u00e0ndards de qualitat esperats pels nostres clients. Tamb\u00e9 complim els terminis per realitzar els treballs de reparaci\u00f3 com m\u00e9s aviat millor.<\/p>\t\t\t\t\t\t<\/div>\n\t\t\t\t<\/div>\n\t\t\t\t<\/div>\n\t\t\t\t\t<\/div>\n\t\t\t\t<\/div>\n\t\t\t\t<\/div>\n\t\t","protected":false},"excerpt":{"rendered":"<p>Empresa de construcci\u00f3 i reformes Especialitzats en projectes claus en m\u00e0 Est\u00e0s buscant una empresa de construcci\u00f3 i reformes? RR Rehabilitacions i Reformes estem especialistes en tota mena de projectes de construcci\u00f3 d&#8217;obra nova com a reformes, des de reformes integrals fins a reformes parcials, tant per a habitatges particulars com per a locals comercials. [&hellip;]<\/p>\n","protected":false},"author":1,"featured_media":0,"parent":0,"menu_order":0,"comment_status":"closed","ping_status":"closed","template":"elementor_header_footer","meta":{"_joinchat":[],"footnotes":""},"class_list":["post-453","page","type-page","status-publish","hentry"],"yoast_head":"<!-- This site is optimized with the Yoast SEO plugin v22.6 - https:\/\/yoast.com\/wordpress\/plugins\/seo\/ -->\n<title>Inici - Grup RR empresa de construcci\u00f3n y reformas<\/title>\n<meta name=\"robots\" content=\"index, follow, max-snippet:-1, max-image-preview:large, max-video-preview:-1\" \/>\n<link rel=\"canonical\" href=\"https:\/\/gruprr.com\/index.php\/ca\/inici\/\" \/>\n<meta property=\"og:locale\" content=\"es_ES\" \/>\n<meta property=\"og:type\" content=\"article\" \/>\n<meta property=\"og:title\" content=\"Inici - Grup RR empresa de construcci\u00f3n y reformas\" \/>\n<meta property=\"og:description\" content=\"Empresa de construcci\u00f3 i reformes Especialitzats en projectes claus en m\u00e0 Est\u00e0s buscant una empresa de construcci\u00f3 i reformes? RR Rehabilitacions i Reformes estem especialistes en tota mena de projectes de construcci\u00f3 d&#8217;obra nova com a reformes, des de reformes integrals fins a reformes parcials, tant per a habitatges particulars com per a locals comercials. [&hellip;]\" \/>\n<meta property=\"og:url\" content=\"https:\/\/gruprr.com\/index.php\/ca\/inici\/\" \/>\n<meta property=\"og:site_name\" content=\"Grup RR empresa de construcci\u00f3n y reformas\" \/>\n<meta property=\"article:modified_time\" content=\"2024-06-28T08:53:50+00:00\" \/>\n<meta name=\"twitter:card\" content=\"summary_large_image\" \/>\n<meta name=\"twitter:label1\" content=\"Tiempo de lectura\" \/>\n\t<meta name=\"twitter:data1\" content=\"2 minutos\" \/>\n<script type=\"application\/ld+json\" class=\"yoast-schema-graph\">{\"@context\":\"https:\/\/schema.org\",\"@graph\":[{\"@type\":\"WebPage\",\"@id\":\"https:\/\/gruprr.com\/index.php\/ca\/inici\/\",\"url\":\"https:\/\/gruprr.com\/index.php\/ca\/inici\/\",\"name\":\"Inici - Grup RR empresa de construcci\u00f3n y reformas\",\"isPartOf\":{\"@id\":\"https:\/\/gruprr.com\/#website\"},\"datePublished\":\"2024-06-28T08:46:46+00:00\",\"dateModified\":\"2024-06-28T08:53:50+00:00\",\"breadcrumb\":{\"@id\":\"https:\/\/gruprr.com\/index.php\/ca\/inici\/#breadcrumb\"},\"inLanguage\":\"es\",\"potentialAction\":[{\"@type\":\"ReadAction\",\"target\":[\"https:\/\/gruprr.com\/index.php\/ca\/inici\/\"]}]},{\"@type\":\"BreadcrumbList\",\"@id\":\"https:\/\/gruprr.com\/index.php\/ca\/inici\/#breadcrumb\",\"itemListElement\":[{\"@type\":\"ListItem\",\"position\":1,\"name\":\"Portada\",\"item\":\"https:\/\/gruprr.com\/\"},{\"@type\":\"ListItem\",\"position\":2,\"name\":\"Inici\"}]},{\"@type\":\"WebSite\",\"@id\":\"https:\/\/gruprr.com\/#website\",\"url\":\"https:\/\/gruprr.com\/\",\"name\":\"Grup RR empresa de construcci\u00f3n y reformas\",\"description\":\"\u00bfEst\u00e1s buscando una empresa de construcci\u00f3n y reformas? GRUP RR somo especialistas en todo tipo de proyectos de construcci\u00f3n de obra nueva como reformas, desde reformas integrales hasta reformas parciales, tanto para viviendas particulares como para locales comerciales.\",\"potentialAction\":[{\"@type\":\"SearchAction\",\"target\":{\"@type\":\"EntryPoint\",\"urlTemplate\":\"https:\/\/gruprr.com\/?s={search_term_string}\"},\"query-input\":\"required name=search_term_string\"}],\"inLanguage\":\"es\"}]}<\/script>\n<!-- \/ Yoast SEO plugin. -->","yoast_head_json":{"title":"Inici - Grup RR empresa de construcci\u00f3n y reformas","robots":{"index":"index","follow":"follow","max-snippet":"max-snippet:-1","max-image-preview":"max-image-preview:large","max-video-preview":"max-video-preview:-1"},"canonical":"https:\/\/gruprr.com\/index.php\/ca\/inici\/","og_locale":"es_ES","og_type":"article","og_title":"Inici - Grup RR empresa de construcci\u00f3n y reformas","og_description":"Empresa de construcci\u00f3 i reformes Especialitzats en projectes claus en m\u00e0 Est\u00e0s buscant una empresa de construcci\u00f3 i reformes? RR Rehabilitacions i Reformes estem especialistes en tota mena de projectes de construcci\u00f3 d&#8217;obra nova com a reformes, des de reformes integrals fins a reformes parcials, tant per a habitatges particulars com per a locals comercials. [&hellip;]","og_url":"https:\/\/gruprr.com\/index.php\/ca\/inici\/","og_site_name":"Grup RR empresa de construcci\u00f3n y reformas","article_modified_time":"2024-06-28T08:53:50+00:00","twitter_card":"summary_large_image","twitter_misc":{"Tiempo de lectura":"2 minutos"},"schema":{"@context":"https:\/\/schema.org","@graph":[{"@type":"WebPage","@id":"https:\/\/gruprr.com\/index.php\/ca\/inici\/","url":"https:\/\/gruprr.com\/index.php\/ca\/inici\/","name":"Inici - Grup RR empresa de construcci\u00f3n y reformas","isPartOf":{"@id":"https:\/\/gruprr.com\/#website"},"datePublished":"2024-06-28T08:46:46+00:00","dateModified":"2024-06-28T08:53:50+00:00","breadcrumb":{"@id":"https:\/\/gruprr.com\/index.php\/ca\/inici\/#breadcrumb"},"inLanguage":"es","potentialAction":[{"@type":"ReadAction","target":["https:\/\/gruprr.com\/index.php\/ca\/inici\/"]}]},{"@type":"BreadcrumbList","@id":"https:\/\/gruprr.com\/index.php\/ca\/inici\/#breadcrumb","itemListElement":[{"@type":"ListItem","position":1,"name":"Portada","item":"https:\/\/gruprr.com\/"},{"@type":"ListItem","position":2,"name":"Inici"}]},{"@type":"WebSite","@id":"https:\/\/gruprr.com\/#website","url":"https:\/\/gruprr.com\/","name":"Grup RR empresa de construcci\u00f3n y reformas","description":"\u00bfEst\u00e1s buscando una empresa de construcci\u00f3n y reformas? GRUP RR somo especialistas en todo tipo de proyectos de construcci\u00f3n de obra nueva como reformas, desde reformas integrales hasta reformas parciales, tanto para viviendas particulares como para locales comerciales.","potentialAction":[{"@type":"SearchAction","target":{"@type":"EntryPoint","urlTemplate":"https:\/\/gruprr.com\/?s={search_term_string}"},"query-input":"required name=search_term_string"}],"inLanguage":"es"}]}},"_links":{"self":[{"href":"https:\/\/gruprr.com\/index.php\/wp-json\/wp\/v2\/pages\/453","targetHints":{"allow":["GET"]}}],"collection":[{"href":"https:\/\/gruprr.com\/index.php\/wp-json\/wp\/v2\/pages"}],"about":[{"href":"https:\/\/gruprr.com\/index.php\/wp-json\/wp\/v2\/types\/page"}],"author":[{"embeddable":true,"href":"https:\/\/gruprr.com\/index.php\/wp-json\/wp\/v2\/users\/1"}],"replies":[{"embeddable":true,"href":"https:\/\/gruprr.com\/index.php\/wp-json\/wp\/v2\/comments?post=453"}],"version-history":[{"count":28,"href":"https:\/\/gruprr.com\/index.php\/wp-json\/wp\/v2\/pages\/453\/revisions"}],"predecessor-version":[{"id":481,"href":"https:\/\/gruprr.com\/index.php\/wp-json\/wp\/v2\/pages\/453\/revisions\/481"}],"wp:attachment":[{"href":"https:\/\/gruprr.com\/index.php\/wp-json\/wp\/v2\/media?parent=453"}],"curies":[{"name":"wp","href":"https:\/\/api.w.org\/{rel}","templated":true}]}}